{"id":828,"date":"2019-07-03T10:29:08","date_gmt":"2019-07-03T13:29:08","guid":{"rendered":"https:\/\/isfdituzaingo-crr.infd.edu.ar\/sitio\/?page_id=828"},"modified":"2023-04-28T14:57:28","modified_gmt":"2023-04-28T17:57:28","slug":"ext-aulica-san-antonio-isla-apipe","status":"publish","type":"page","link":"https:\/\/isfdituzaingo-crr.infd.edu.ar\/sitio\/ext-aulica-san-antonio-isla-apipe\/","title":{"rendered":"Extensi\u00f3n \u00c1ulica San Antonio Isla Apip\u00e9: Institucional"},"content":{"rendered":"<p><img decoding=\"async\" loading=\"lazy\" class=\"alignnone  wp-image-871\" src=\"https:\/\/isfdituzaingo-crr.infd.edu.ar\/sitio\/wp-content\/uploads\/2019\/08\/LOGO-EXT-AULICA-ISLA-APIPE.jpg\" alt=\"\" width=\"290\" height=\"289\" srcset=\"https:\/\/isfdituzaingo-crr.infd.edu.ar\/sitio\/wp-content\/uploads\/2019\/08\/LOGO-EXT-AULICA-ISLA-APIPE.jpg 720w, https:\/\/isfdituzaingo-crr.infd.edu.ar\/sitio\/wp-content\/uploads\/2019\/08\/LOGO-EXT-AULICA-ISLA-APIPE-500x500.jpg 500w\" sizes=\"(max-width: 290px) 100vw, 290px\" \/><\/p>\n<p>&nbsp;<\/p>\n<h4><strong>P\u00e1gina en construcci\u00f3n&#8230;<\/strong><\/h4>\n","protected":false},"excerpt":{"rendered":"<p>&nbsp; P\u00e1gina en construcci\u00f3n&#8230;<\/p>\n","protected":false},"author":4,"featured_media":0,"parent":0,"menu_order":0,"comment_status":"closed","ping_status":"closed","template":"","meta":[],"acf":[],"_links":{"self":[{"href":"https:\/\/isfdituzaingo-crr.infd.edu.ar\/sitio\/wp-json\/wp\/v2\/pages\/828"}],"collection":[{"href":"https:\/\/isfdituzaingo-crr.infd.edu.ar\/sitio\/wp-json\/wp\/v2\/pages"}],"about":[{"href":"https:\/\/isfdituzaingo-crr.infd.edu.ar\/sitio\/wp-json\/wp\/v2\/types\/page"}],"author":[{"embeddable":true,"href":"https:\/\/isfdituzaingo-crr.infd.edu.ar\/sitio\/wp-json\/wp\/v2\/users\/4"}],"replies":[{"embeddable":true,"href":"https:\/\/isfdituzaingo-crr.infd.edu.ar\/sitio\/wp-json\/wp\/v2\/comments?post=828"}],"version-history":[{"count":4,"href":"https:\/\/isfdituzaingo-crr.infd.edu.ar\/sitio\/wp-json\/wp\/v2\/pages\/828\/revisions"}],"predecessor-version":[{"id":3407,"href":"https:\/\/isfdituzaingo-crr.infd.edu.ar\/sitio\/wp-json\/wp\/v2\/pages\/828\/revisions\/3407"}],"wp:attachment":[{"href":"https:\/\/isfdituzaingo-crr.infd.edu.ar\/sitio\/wp-json\/wp\/v2\/media?parent=828"}],"curies":[{"name":"wp","href":"https:\/\/api.w.org\/{rel}","templated":true}]}}