{"id":286,"date":"2021-03-08T13:17:59","date_gmt":"2021-03-08T16:17:59","guid":{"rendered":"https:\/\/isfdituzaingo-crr.infd.edu.ar\/sitio\/?page_id=286"},"modified":"2025-05-23T22:39:12","modified_gmt":"2025-05-24T01:39:12","slug":"inicio","status":"publish","type":"page","link":"https:\/\/isfdituzaingo-crr.infd.edu.ar\/sitio\/","title":{"rendered":"Inicio"},"content":{"rendered":"\n<p><\/p>\n\n\n\n<h2 class=\"wp-block-heading has-base-color has-accent-background-color has-text-color has-background has-large-font-size\">CONCURSO DOCENTE: Inscripci\u00f3n Ordinaria de Interinatos y Suplencias de 2026<\/h2>\n\n\n\n<p class=\"has-contrast-color has-text-color has-medium-font-size\">Desde el 02 al 31 de mayo de 2025. Per\u00edodo de gracia: 02 de junio de 18 a 20 hs.<\/p>\n\n\n\n<p class=\"has-medium-font-size\"><\/p>\n\n\n\n<figure class=\"wp-block-table\"><table><tbody><tr><td>Para inscribirte en el llamado Ordinario 2026, <a href=\"http:\/\/simaeducativa.mec.gob.ar\/modulo\/interinatoysuplencia\/?ituzaingo\">Haz Clic Aqu\u00ed<\/a> o acceda al QR &#8212;-&gt;<br><br>Recepci\u00f3n de documentaci\u00f3n solamente en Sede del ISFD DE ITUZAING\u00d3<br>sito en Calle Buenos Aires y Apip\u00e9, Ituzaing\u00f3, Corrientes, Argentina.<br><br>Horario de <strong>14 a 18<\/strong> hs &#8211; <strong>Lunes a Viernes<\/strong><br><br><a href=\"https:\/\/isfdituzaingo-crr.infd.edu.ar\/sitio\/wp-content\/uploads\/2025\/05\/FORMATO-CV-concurso-ISFD-Ituzaingo.docx\" target=\"_blank\" rel=\"noreferrer noopener\">Modelo de CV para concurso docente<\/a><\/td><td><img decoding=\"async\" src=\"https:\/\/isfdituzaingo-crr.infd.edu.ar\/sitio\/wp-content\/uploads\/2025\/05\/imagen.png\" alt=\"\" style=\"width: 200px;\"><\/td><\/tr><\/tbody><\/table><figcaption class=\"wp-element-caption\"><strong>CONSIDERACIONES GENERALES<\/strong><br>\u2022El aspirante deber\u00e1 realizar, primeramente, la pre inscripci\u00f3n por el sistema SIMA y finalizar la inscripci\u00f3n en el instituto SEDE.<br>\u2022Presentar toda la documentaci\u00f3n respaldatoria con la ficha de inscripci\u00f3n en per\u00edodo de concurso, en copias debidamente autenticadas por escribano (R N\u00b0 68\/15), Juez de Paz o instituci\u00f3n que expidi\u00f3 el documento (RM N\u00b0 4539\/22; RM N\u00b0 5293\/16) o copia validable por\u00a0 c\u00f3digo QR (RM N\u00b0 5047\/20).<br>\u2022Todos los antecedentes docentes y profesionales para interinatos y suplencias se valoraran a trav\u00e9s de SIMA, con la documentaci\u00f3n respaldatoria que avale los mismos. Se tendr\u00e1 en cuenta s\u00f3lo\u00a0 las certificaciones de los \u00faltimos cinco a\u00f1os, a excepci\u00f3n de t\u00edtulos, postitulos y posgrados.<br>\u2022Se valoraran las capacitaciones realizadas posteriores a la fecha de emisi\u00f3n del titulo de nivel superior. En caso de que hiciere un profesorado para el nivel superior a partir del t\u00edtulo de base, se considerar\u00e1 las capacitaciones posteriores a la fecha de emisi\u00f3n del t\u00edtulo de Profesor de Nivel Superior. En otro caso, se tomar\u00e1 la fecha del t\u00edtulo de base.<br>\u2022En caso de concursar para coordinaciones de carreras o de \u00e1rea, deber\u00e1n agregar grilla para valoraci\u00f3n por triplicado, junto con una nota dirigida al Rector donde se especifiquen datos del docente elegido para ser el evaluador del concursante, preferentemente externo a la instituci\u00f3n. En caso de profesorados, la grilla se establece por disposici\u00f3n N\u00b0 076\/19 y para tecnicaturas, en la disposici\u00f3n N\u00b0 212\/23,<br>\u2022Todas las hojas deben estar perforadas y sujetas del broche de la carpeta cuales.<br>\u2022Foliar (numerar) toda la documentaci\u00f3n a presentar.<br><br><strong>ORGANIZACI\u00d3N DE LA DOCUMENTACI\u00d3N<\/strong><br>Si concursa por primera vez, toda la documentaci\u00f3n deber\u00e1 ser presentada en carpeta cuales, organizada de la siguiente manera:<br>1)La primer hoja debe contener un \u00edndice, numerado, donde se relacione el n\u00famero de hojas (folio) con la documentaci\u00f3n presentada.<br>En caso de concursar para una coordinaci\u00f3n, las grillas de valoraci\u00f3n deber\u00e1n incluirse al inicio, con la nota al rector.<br>2)Curriculum Vitae<br>3)Fotocopia de DNI<br>4)Fotocopia del titulo y, en lo posible, anexar el anal\u00edtico.<br>5)Antecedentes laborales: constancia de servicio que acredite desempe\u00f1o en el nivel superior. Para el caso de las practicas profesionalizantes, incluir constancia que acredite antig\u00fcedad en el desempe\u00f1o de la profesi\u00f3n af\u00edn a la carrera, en organismos oficiales o del \u00e1mbito privado. Para las pr\u00e1cticas docentes, incluir situaci\u00f3n de revista del nivel para el cual forma el profesorado (inicial, primario o secundario).<br>6)Capacitaciones espec\u00edficas para el espacio curricular que se postula y que est\u00e9n orientadas a docentes del nivel superior. NO SE DEBEN INCLUIR LAS CAPACITACIONES DESTINADO A OTROS NIVELES EDUCATIVOS (inicial, primario, secundario)<br>Los docentes que ya han concursado en la instituci\u00f3n, deber\u00e1 presentar Situaci\u00f3n de revista actualizada y toda capacitaci\u00f3n que no haya sido incluido en concursos anteriores (y que sean orientados a docentes del nivel superior).<\/figcaption><\/figure>\n\n\n\n<p>.<\/p>\n\n\n\n<figure class=\"wp-block-table\"><table><tbody><tr><td><a href=\"https:\/\/isfdituzaingo-crr.infd.edu.ar\/sitio\/wp-content\/uploads\/2025\/05\/Diapositiva2.jpg\"><img decoding=\"async\" loading=\"lazy\" width=\"1270\" height=\"670\" class=\"wp-image-3776\" style=\"width: 500px;\" src=\"https:\/\/isfdituzaingo-crr.infd.edu.ar\/sitio\/wp-content\/uploads\/2025\/05\/Diapositiva2.jpg\" alt=\"\" srcset=\"https:\/\/isfdituzaingo-crr.infd.edu.ar\/sitio\/wp-content\/uploads\/2025\/05\/Diapositiva2.jpg 1270w, https:\/\/isfdituzaingo-crr.infd.edu.ar\/sitio\/wp-content\/uploads\/2025\/05\/Diapositiva2-1000x528.jpg 1000w, https:\/\/isfdituzaingo-crr.infd.edu.ar\/sitio\/wp-content\/uploads\/2025\/05\/Diapositiva2-768x405.jpg 768w\" sizes=\"(max-width: 1270px) 100vw, 1270px\" \/><\/a><\/td><td><a href=\"https:\/\/isfdituzaingo-crr.infd.edu.ar\/sitio\/wp-content\/uploads\/2025\/05\/Diapositiva6.jpg\"><img decoding=\"async\" loading=\"lazy\" width=\"1277\" height=\"693\" class=\"wp-image-3775\" style=\"width: 500px;\" src=\"https:\/\/isfdituzaingo-crr.infd.edu.ar\/sitio\/wp-content\/uploads\/2025\/05\/Diapositiva6.jpg\" alt=\"\" srcset=\"https:\/\/isfdituzaingo-crr.infd.edu.ar\/sitio\/wp-content\/uploads\/2025\/05\/Diapositiva6.jpg 1277w, https:\/\/isfdituzaingo-crr.infd.edu.ar\/sitio\/wp-content\/uploads\/2025\/05\/Diapositiva6-1000x543.jpg 1000w, https:\/\/isfdituzaingo-crr.infd.edu.ar\/sitio\/wp-content\/uploads\/2025\/05\/Diapositiva6-768x417.jpg 768w\" sizes=\"(max-width: 1277px) 100vw, 1277px\" \/><\/a><\/td><\/tr><tr><td><a href=\"https:\/\/isfdituzaingo-crr.infd.edu.ar\/sitio\/wp-content\/uploads\/2025\/05\/Diapositiva3.jpg\"><img decoding=\"async\" loading=\"lazy\" width=\"1271\" height=\"599\" class=\"wp-image-3773\" style=\"width: 500px;\" src=\"https:\/\/isfdituzaingo-crr.infd.edu.ar\/sitio\/wp-content\/uploads\/2025\/05\/Diapositiva3.jpg\" alt=\"\" srcset=\"https:\/\/isfdituzaingo-crr.infd.edu.ar\/sitio\/wp-content\/uploads\/2025\/05\/Diapositiva3.jpg 1271w, https:\/\/isfdituzaingo-crr.infd.edu.ar\/sitio\/wp-content\/uploads\/2025\/05\/Diapositiva3-1000x471.jpg 1000w, https:\/\/isfdituzaingo-crr.infd.edu.ar\/sitio\/wp-content\/uploads\/2025\/05\/Diapositiva3-768x362.jpg 768w\" sizes=\"(max-width: 1271px) 100vw, 1271px\" \/><\/a><\/td><td><a href=\"https:\/\/isfdituzaingo-crr.infd.edu.ar\/sitio\/wp-content\/uploads\/2025\/05\/Diapositiva5.jpg\"><img decoding=\"async\" loading=\"lazy\" width=\"1279\" height=\"607\" class=\"wp-image-3772\" style=\"width: 500px;\" src=\"https:\/\/isfdituzaingo-crr.infd.edu.ar\/sitio\/wp-content\/uploads\/2025\/05\/Diapositiva5.jpg\" alt=\"\" srcset=\"https:\/\/isfdituzaingo-crr.infd.edu.ar\/sitio\/wp-content\/uploads\/2025\/05\/Diapositiva5.jpg 1279w, https:\/\/isfdituzaingo-crr.infd.edu.ar\/sitio\/wp-content\/uploads\/2025\/05\/Diapositiva5-1000x475.jpg 1000w, https:\/\/isfdituzaingo-crr.infd.edu.ar\/sitio\/wp-content\/uploads\/2025\/05\/Diapositiva5-768x364.jpg 768w\" sizes=\"(max-width: 1279px) 100vw, 1279px\" \/><\/a><\/td><\/tr><tr><td><a href=\"https:\/\/isfdituzaingo-crr.infd.edu.ar\/sitio\/wp-content\/uploads\/2025\/05\/Diapositiva4.jpg\"><img decoding=\"async\" loading=\"lazy\" width=\"1277\" height=\"659\" class=\"wp-image-3771\" style=\"width: 500px;\" src=\"https:\/\/isfdituzaingo-crr.infd.edu.ar\/sitio\/wp-content\/uploads\/2025\/05\/Diapositiva4.jpg\" alt=\"\" srcset=\"https:\/\/isfdituzaingo-crr.infd.edu.ar\/sitio\/wp-content\/uploads\/2025\/05\/Diapositiva4.jpg 1277w, https:\/\/isfdituzaingo-crr.infd.edu.ar\/sitio\/wp-content\/uploads\/2025\/05\/Diapositiva4-1000x516.jpg 1000w, https:\/\/isfdituzaingo-crr.infd.edu.ar\/sitio\/wp-content\/uploads\/2025\/05\/Diapositiva4-768x396.jpg 768w\" sizes=\"(max-width: 1277px) 100vw, 1277px\" \/><\/a><\/td><td><a href=\"https:\/\/isfdituzaingo-crr.infd.edu.ar\/sitio\/wp-content\/uploads\/2025\/05\/Diapositiva7.jpg\"><img decoding=\"async\" loading=\"lazy\" width=\"1000\" height=\"307\" class=\"wp-image-3770\" style=\"width: 500px;\" src=\"https:\/\/isfdituzaingo-crr.infd.edu.ar\/sitio\/wp-content\/uploads\/2025\/05\/Diapositiva7-e1748049040478.jpg\" alt=\"\" srcset=\"https:\/\/isfdituzaingo-crr.infd.edu.ar\/sitio\/wp-content\/uploads\/2025\/05\/Diapositiva7-e1748049040478.jpg 1000w, https:\/\/isfdituzaingo-crr.infd.edu.ar\/sitio\/wp-content\/uploads\/2025\/05\/Diapositiva7-e1748049040478-768x236.jpg 768w\" sizes=\"(max-width: 1000px) 100vw, 1000px\" \/><\/a><\/td><\/tr><\/tbody><\/table><\/figure>\n\n\n\n<p><\/p>\n\n\n<div class=\"wp-block-image\">\n<figure class=\"aligncenter size-full is-resized\"><img decoding=\"async\" loading=\"lazy\" src=\"https:\/\/isfdituzaingo-crr.infd.edu.ar\/sitio\/wp-content\/uploads\/2023\/02\/fcq_unc_-_plantillas_twitter_concursos_02.png\" alt=\"\" class=\"wp-image-3219\" width=\"313\" height=\"134\"\/><\/figure><\/div>\n\n\n<p><strong>CONCURSOS EXTRAORDINARIO 202<\/strong>5<\/p>\n\n\n\n<p>Para inscribirte en el llamado extraordinario <a href=\"http:\/\/simaeducativa.mec.gob.ar\/modulo\/interinatoysuplencia\/?ituzaingo\">Haz Clic Aqu\u00ed<\/a><\/p>\n\n\n\n<p>A continuaci\u00f3n <strong>descarga<\/strong> los  <strong>documentos<\/strong> de la p\u00e1gina para ser <strong>presentados<\/strong> en el Instituto Superior de Formaci\u00f3n Docente, calle Buenos Aires entre Apipe y Per\u00fa. <\/p>\n\n\n\n<p><strong>Horario de Atenci\u00f3n de Lunes a Viernes de 14:00hs a 18:00hs.<\/strong> Plazo de Gracia:  16 a 18 hs<\/p>\n\n\n\n<hr class=\"wp-block-separator has-alpha-channel-opacity\"\/>\n\n\n\n<div class=\"wp-block-columns is-layout-flex wp-container-2\">\n<div class=\"wp-block-column is-layout-flow\">\n<h2 class=\"wp-block-heading has-text-align-center has-contrast-color has-text-color has-background\" style=\"background:radial-gradient(rgb(255,245,203) 0%,rgb(182,227,212) 50%,rgb(51,167,181) 100%)\"><img decoding=\"async\" loading=\"lazy\" width=\"129\" height=\"133\" class=\"wp-image-3483\" style=\"width: 129px;\" src=\"https:\/\/isfdituzaingo-crr.infd.edu.ar\/sitio\/wp-content\/uploads\/2024\/04\/imagen.png\" alt=\"\">        Ciclo Lectivo 2025        <img decoding=\"async\" loading=\"lazy\" width=\"129\" height=\"133\" class=\"wp-image-3483\" style=\"width: 129px;\" src=\"https:\/\/isfdituzaingo-crr.infd.edu.ar\/sitio\/wp-content\/uploads\/2024\/04\/imagen.png\" alt=\"\"><\/h2>\n<\/div>\n<\/div>\n\n\n\n<p>Horario de cursado de las carreras:<\/p>\n\n\n\n<div class=\"wp-block-columns is-layout-flex wp-container-5\">\n<div class=\"wp-block-column is-layout-flow\">\n<h3 class=\"wp-block-heading has-contrast-3-color has-text-color\">Turno Tarde (13:20hs a 18:00hs)<\/h3>\n\n\n\n<p>PROFESORADO DE INGL\u00c9S<\/p>\n\n\n\n<p><a rel=\"noreferrer noopener\" href=\"http:\/\/simaeducativa.mec.gob.ar\/ingresantes\/\" target=\"_blank\">PROFESORADO DE EDUCACI\u00d3N SECUNDARIA EN INFORM\u00c1TICA<\/a><\/p>\n\n\n\n<p>PROFESORADO DE GUARANI<\/p>\n\n\n\n<p>PROFESORADO DE EDUCACI\u00d3N SECUNDARIA EN BIOLOG\u00cdA<\/p>\n\n\n\n<p>TECNICATURA SUPERIOR EN DESARROLLO DE SOFTWARE<\/p>\n\n\n\n<p><a href=\"http:\/\/simaeducativa.mec.gob.ar\/ingresantes\/\" target=\"_blank\" rel=\"noreferrer noopener\">TECNICATURA SUPERIOR EN INDUSTRIA TEXTIL E INDUMENTARIA<\/a><\/p>\n\n\n\n<p>TECNICATURA SUPERIOR EN INDUSTRIALIZACI\u00d3N DE LA MADERA<\/p>\n\n\n\n<p><\/p>\n<\/div>\n\n\n\n<div class=\"wp-block-column is-layout-flow\">\n<h3 class=\"wp-block-heading has-contrast-3-color has-text-color\">Turno Noche (18:40hs a 23:20hs)<\/h3>\n\n\n\n<p>PROFESORADO DE EDUCACI\u00d3N SECUNDARIA EN F\u00cdSICA<\/p>\n\n\n\n<p><a rel=\"noreferrer noopener\" href=\"http:\/\/simaeducativa.mec.gob.ar\/ingresantes\/\" target=\"_blank\">PROFESORADO DE EDUCACI\u00d3N SECUNDARIA EN LENGUA Y LITERATURA<\/a><\/p>\n\n\n\n<p>PROFESORADO DE EDUCACI\u00d3N ESPECIAL CON ORIENTACI\u00d3N EN DISCAPACIDAD INTELECTUAL  <\/p>\n\n\n\n<p>TECNICATURA SUPERIOR EN GASTRONOM\u00cdA<\/p>\n\n\n\n<p>TECNICATURA SUPERIOR EN HIGIENE Y SEGURIDAD EN EL TRABAJO<\/p>\n\n\n\n<p><a rel=\"noreferrer noopener\" href=\"http:\/\/simaeducativa.mec.gob.ar\/ingresantes\/\" target=\"_blank\">TECNICATURA SUPERIOR EN INFRAESTRUCTURA INFORM\u00c1TICA<\/a><\/p>\n\n\n\n<p><a rel=\"noreferrer noopener\" href=\"http:\/\/simaeducativa.mec.gob.ar\/ingresantes\/\" target=\"_blank\">TECNICATURA SUPERIOR EN TURISMO<\/a><\/p>\n\n\n\n<p>TECNICATURA SUPERIOR EN ENFERMERIA<\/p>\n<\/div>\n<\/div>\n\n\n\n<div class=\"wp-block-columns is-layout-flex wp-container-8\">\n<div class=\"wp-block-column is-layout-flow\"><\/div>\n\n\n\n<div class=\"wp-block-column is-layout-flow\"><\/div>\n<\/div>\n\n\n\n<div class=\"wp-block-group is-layout-flow\"><div class=\"wp-block-group__inner-container\">\n<h2 class=\"wp-block-heading has-text-align-center\"><mark style=\"background-color:rgba(0, 0, 0, 0)\" class=\"has-inline-color has-luminous-vivid-orange-color\">Inscripci\u00f3n a Interinatos y Suplencias Ordinario 2026<\/mark><\/h2>\n<\/div><\/div>\n\n\n\n<hr class=\"wp-block-separator has-css-opacity is-style-wide\"\/>\n\n\n\n<div class=\"wp-block-columns is-layout-flex wp-container-14\">\n<div class=\"wp-block-column is-layout-flow\" style=\"flex-basis:100%\">\n<div class=\"wp-block-columns is-layout-flex wp-container-12\">\n<div class=\"wp-block-column is-layout-flow\">\n<p class=\"has-text-align-center\"><br><\/p>\n\n\n\n<p class=\"has-text-align-center\">Habilitado Desde el <strong>02 al 31 de Mayo<\/strong> de 2025.<br>D\u00eda de Gracia: <strong>02\/06 de 18 a 20h<\/strong>s.<br>Recepci\u00f3n de documentaci\u00f3n solamente en Sede.<br>Inscripciones a trav\u00e9s de:<\/p>\n\n\n\n<p class=\"has-text-align-center\"><a rel=\"noreferrer noopener\" href=\"http:\/\/simaeducativa.mec.gob.ar\/modulo\/interinatoysuplencia\/?ituzaingo\" target=\"_blank\">ISFD Ituzaing\u00f3<\/a><\/p>\n\n\n\n<p class=\"has-text-align-center\"><br><em>Se les recuerda que las grilla de valoraciones actuales son: Resoluci\u00f3n N\u00b05293\/16 y Resoluci\u00f3n N\u00b04539\/22.<\/em><\/p>\n<\/div>\n\n\n\n<div class=\"wp-block-column is-layout-flow\">\n<figure class=\"wp-block-image size-large\"><img decoding=\"async\" loading=\"lazy\" width=\"1200\" height=\"822\" src=\"https:\/\/isfdituzaingo-crr.infd.edu.ar\/sitio\/wp-content\/uploads\/2022\/05\/interinatos.jpg\" alt=\"Inscripciones Abiertas\" class=\"wp-image-3109\" srcset=\"https:\/\/isfdituzaingo-crr.infd.edu.ar\/sitio\/wp-content\/uploads\/2022\/05\/interinatos.jpg 1200w, https:\/\/isfdituzaingo-crr.infd.edu.ar\/sitio\/wp-content\/uploads\/2022\/05\/interinatos-1000x685.jpg 1000w, https:\/\/isfdituzaingo-crr.infd.edu.ar\/sitio\/wp-content\/uploads\/2022\/05\/interinatos-768x526.jpg 768w\" sizes=\"(max-width: 1200px) 100vw, 1200px\" \/><\/figure>\n<\/div>\n<\/div>\n<\/div>\n<\/div>\n\n\n\n<div class=\"wp-block-columns is-layout-flex wp-container-16\">\n<div class=\"wp-block-column is-layout-flow\">\n<p class=\"has-text-align-center\">ESTUDIANTES.<\/p>\n\n\n\n<p class=\"has-text-align-center\">Desde el <strong>12 al 31 de diciembre <\/strong> podr\u00e1 pre-inscribirse en las carreras del ISFD de Ituzaing\u00f3. <\/p>\n\n\n\n<p class=\"has-text-align-center\"> Ingresar a <a rel=\"noreferrer noopener\" href=\"http:\/\/simaeducativa.mec.gob.ar\/ingresantes\/\" target=\"_blank\">http:\/\/simaeducativa.mec.gob.ar\/ingresantes\/<\/a><\/p>\n\n\n\n<p class=\"has-text-align-center\"><\/p>\n<\/div>\n<\/div>\n\n\n\n<hr class=\"wp-block-separator has-css-opacity\"\/>\n\n\n\n<p class=\"has-text-align-center\" style=\"font-size:24px\"><mark style=\"background-color:rgba(0, 0, 0, 0)\" class=\"has-inline-color has-luminous-vivid-orange-color\"><\/mark><\/p>\n\n\n\n<p><\/p>\n\n\n\n<p><\/p>\n","protected":false},"excerpt":{"rendered":"<p>CONCURSO DOCENTE: Inscripci\u00f3n Ordinaria de Interinatos y Suplencias de 2026 Desde el 02 al 31 de mayo de 2025. Per\u00edodo de gracia: 02 de junio de 18 a 20 hs. Para inscribirte en el llamado Ordinario 2026, Haz Clic Aqu\u00ed o acceda al QR &#8212;-&gt; Recepci\u00f3n de documentaci\u00f3n solamente en Sede del ISFD DE ITUZAING\u00d3sito &#8230; <a title=\"Inicio\" class=\"read-more\" href=\"https:\/\/isfdituzaingo-crr.infd.edu.ar\/sitio\/\" aria-label=\"More on Inicio\">[+]<\/a><\/p>\n","protected":false},"author":4,"featured_media":0,"parent":0,"menu_order":0,"comment_status":"closed","ping_status":"closed","template":"","meta":[],"acf":[],"_links":{"self":[{"href":"https:\/\/isfdituzaingo-crr.infd.edu.ar\/sitio\/wp-json\/wp\/v2\/pages\/286"}],"collection":[{"href":"https:\/\/isfdituzaingo-crr.infd.edu.ar\/sitio\/wp-json\/wp\/v2\/pages"}],"about":[{"href":"https:\/\/isfdituzaingo-crr.infd.edu.ar\/sitio\/wp-json\/wp\/v2\/types\/page"}],"author":[{"embeddable":true,"href":"https:\/\/isfdituzaingo-crr.infd.edu.ar\/sitio\/wp-json\/wp\/v2\/users\/4"}],"replies":[{"embeddable":true,"href":"https:\/\/isfdituzaingo-crr.infd.edu.ar\/sitio\/wp-json\/wp\/v2\/comments?post=286"}],"version-history":[{"count":512,"href":"https:\/\/isfdituzaingo-crr.infd.edu.ar\/sitio\/wp-json\/wp\/v2\/pages\/286\/revisions"}],"predecessor-version":[{"id":3787,"href":"https:\/\/isfdituzaingo-crr.infd.edu.ar\/sitio\/wp-json\/wp\/v2\/pages\/286\/revisions\/3787"}],"wp:attachment":[{"href":"https:\/\/isfdituzaingo-crr.infd.edu.ar\/sitio\/wp-json\/wp\/v2\/media?parent=286"}],"curies":[{"name":"wp","href":"https:\/\/api.w.org\/{rel}","templated":true}]}}