{"id":2477,"date":"2021-04-12T10:51:56","date_gmt":"2021-04-12T13:51:56","guid":{"rendered":"https:\/\/isfdituzaingo-crr.infd.edu.ar\/sitio\/?page_id=2477"},"modified":"2021-05-13T11:56:56","modified_gmt":"2021-05-13T14:56:56","slug":"organizacion-por-comisiones","status":"publish","type":"page","link":"https:\/\/isfdituzaingo-crr.infd.edu.ar\/sitio\/estudiantes\/organizacion-por-comisiones\/","title":{"rendered":"Organizaci\u00f3n por comisiones"},"content":{"rendered":"<p>Para los encuentros presenciales, deben asistir todos los estudiantes de las carreras que inician el primer a\u00f1o en los d\u00edas asignados.<span id=\"transmark\" style=\"display: none; width: 0px; height: 0px;\"><\/span><\/p>\n<div dir=\"auto\">Importante: Estudiantes que no presentaron documentaci\u00f3n para inscripci\u00f3n definitiva, entregar en Mesa de Entradas antes del 30 abril de 2021.<\/div>\n<div dir=\"auto\"><\/div>\n<div dir=\"auto\">Cualquier consulta escribir al correo de Bedelia: bedeliaisfdituzaingo@gmail.com o pasar por la instituci\u00f3n.<\/div>\n<div dir=\"auto\"><\/div>\n<div dir=\"auto\"><\/div>\n<div dir=\"auto\"><\/div>\n<div dir=\"auto\"><\/div>\n<div dir=\"auto\"><\/div>\n<div dir=\"auto\"><\/div>\n<p>&nbsp;<\/p>\n","protected":false},"excerpt":{"rendered":"<p>Para los encuentros presenciales, deben asistir todos los estudiantes de las carreras que inician el primer a\u00f1o en los d\u00edas asignados. Importante: Estudiantes que no presentaron documentaci\u00f3n para inscripci\u00f3n definitiva, entregar en Mesa de Entradas antes del 30 abril de 2021. Cualquier consulta escribir al correo de Bedelia: bedeliaisfdituzaingo@gmail.com o pasar por la instituci\u00f3n. &nbsp;<\/p>\n","protected":false},"author":14,"featured_media":0,"parent":692,"menu_order":0,"comment_status":"closed","ping_status":"closed","template":"","meta":[],"acf":[],"_links":{"self":[{"href":"https:\/\/isfdituzaingo-crr.infd.edu.ar\/sitio\/wp-json\/wp\/v2\/pages\/2477"}],"collection":[{"href":"https:\/\/isfdituzaingo-crr.infd.edu.ar\/sitio\/wp-json\/wp\/v2\/pages"}],"about":[{"href":"https:\/\/isfdituzaingo-crr.infd.edu.ar\/sitio\/wp-json\/wp\/v2\/types\/page"}],"author":[{"embeddable":true,"href":"https:\/\/isfdituzaingo-crr.infd.edu.ar\/sitio\/wp-json\/wp\/v2\/users\/14"}],"replies":[{"embeddable":true,"href":"https:\/\/isfdituzaingo-crr.infd.edu.ar\/sitio\/wp-json\/wp\/v2\/comments?post=2477"}],"version-history":[{"count":8,"href":"https:\/\/isfdituzaingo-crr.infd.edu.ar\/sitio\/wp-json\/wp\/v2\/pages\/2477\/revisions"}],"predecessor-version":[{"id":2570,"href":"https:\/\/isfdituzaingo-crr.infd.edu.ar\/sitio\/wp-json\/wp\/v2\/pages\/2477\/revisions\/2570"}],"up":[{"embeddable":true,"href":"https:\/\/isfdituzaingo-crr.infd.edu.ar\/sitio\/wp-json\/wp\/v2\/pages\/692"}],"wp:attachment":[{"href":"https:\/\/isfdituzaingo-crr.infd.edu.ar\/sitio\/wp-json\/wp\/v2\/media?parent=2477"}],"curies":[{"name":"wp","href":"https:\/\/api.w.org\/{rel}","templated":true}]}}