{"id":2355,"date":"2021-03-02T10:15:19","date_gmt":"2021-03-02T13:15:19","guid":{"rendered":"https:\/\/isfdituzaingo-crr.infd.edu.ar\/sitio\/?page_id=2355"},"modified":"2024-11-27T09:48:52","modified_gmt":"2024-11-27T12:48:52","slug":"guia-de-tramites","status":"publish","type":"page","link":"https:\/\/isfdituzaingo-crr.infd.edu.ar\/sitio\/docentes\/guia-de-tramites\/","title":{"rendered":"Guia de tr\u00e1mites"},"content":{"rendered":"<h5><span style=\"color: #0000ff;\"><strong>Documentaci\u00f3n para Alta de Horas C\u00e1tedras y\/o cargos<\/strong><\/span><\/h5>\n<p>Los docentes deber\u00e1 presentar la siguiente documentaci\u00f3n para las Altas de las horas c\u00e1tedras o cargos.<\/p>\n<ul>\n<li>Nota de presentaci\u00f3n de documentaci\u00f3n<\/li>\n<li>Fotocopia de Documento Nacional de Identidad (autenticada)<\/li>\n<li>Declaraci\u00f3n Jurada actualizada de la p\u00e1gina de <a href=\"https:\/\/ge.mec.gob.ar\/\" target=\"_blank\" rel=\"noopener\">Gestion Educativa<\/a><br \/>\n(no m\u00e1s de 10 d\u00edas de haber sido actualizada)<\/li>\n<\/ul>\n<h5><strong><span style=\"color: #0000ff;\">Documentaci\u00f3n para iniciar lejago como Alta Pura<\/span><\/strong><\/h5>\n<p>Los docentes que deben iniciar su legajo en Nivel Superior, deber\u00e1 presentar la siguiente documentaci\u00f3n:<\/p>\n<ul>\n<li>Foto 4 x 4<\/li>\n<li>Carta de compromiso de la p\u00f3lisa de seguro<\/li>\n<li>Certificado de domicilio<\/li>\n<li>Certificado de aptitud psicof\u00edsica (turno otorgado por Reconocimiento m\u00e9dico)<\/li>\n<li>Fotocopias certificadas del\/los t\u00edtulos (autenticado por Escribano o Juez de Paz).<\/li>\n<li>Fotocopia del Documento Nacional de Identidad\u00a0(autenticado por Polic\u00eda, Escribano o Juez de Paz).<\/li>\n<li>Constancia del <a href=\"https:\/\/www.anses.gob.ar\/consulta\/constancia-de-cuil\" target=\"_blank\" rel=\"noopener\">C.U.I.L. de Anses\u00a0<\/a>(si\u00a0en el DNI\u00a0no menciona el mismo)<\/li>\n<\/ul>\n<h5><span style=\"color: #0000ff;\">Reclamo de haberes<\/span><\/h5>\n<p>Presentar la siguiente documentaci\u00f3n:<\/p>\n<ol>\n<li>Nota de reclamo<\/li>\n<li>SITUACI\u00d3N DE REVISTA<br \/>\n<span id=\"transmark\" style=\"display: none; width: 0px; height: 0px;\"><\/span><\/li>\n<li>Fotocopia de Documento Nacional de Identidad<\/li>\n<li>Fotocopia de Recibo de Sueldo &#8211; si tuviere-<\/li>\n<\/ol>\n<h5><strong><span style=\"color: #0000ff;\">Baja de horas y\/o cargo<\/span><\/strong><\/h5>\n<p>Presentar la siguiente documentaci\u00f3n:<\/p>\n<ul>\n<li>Nota de notificaci\u00f3n de baja<\/li>\n<\/ul>\n<p>Enviar digitalizado al correo de Secretaria Administrativa: secretariaisfdituzaingo@gmail.com<\/p>\n","protected":false},"excerpt":{"rendered":"<p>Documentaci\u00f3n para Alta de Horas C\u00e1tedras y\/o cargos Los docentes deber\u00e1 presentar la siguiente documentaci\u00f3n para las Altas de las horas c\u00e1tedras o cargos. Nota de presentaci\u00f3n de documentaci\u00f3n Fotocopia de Documento Nacional de Identidad (autenticada) Declaraci\u00f3n Jurada actualizada de la p\u00e1gina de Gestion Educativa (no m\u00e1s de 10 d\u00edas de haber sido actualizada) Documentaci\u00f3n &#8230; <a title=\"Guia de tr\u00e1mites\" class=\"read-more\" href=\"https:\/\/isfdituzaingo-crr.infd.edu.ar\/sitio\/docentes\/guia-de-tramites\/\" aria-label=\"More on Guia de tr\u00e1mites\">[+]<\/a><\/p>\n","protected":false},"author":14,"featured_media":0,"parent":768,"menu_order":0,"comment_status":"closed","ping_status":"closed","template":"","meta":[],"acf":[],"_links":{"self":[{"href":"https:\/\/isfdituzaingo-crr.infd.edu.ar\/sitio\/wp-json\/wp\/v2\/pages\/2355"}],"collection":[{"href":"https:\/\/isfdituzaingo-crr.infd.edu.ar\/sitio\/wp-json\/wp\/v2\/pages"}],"about":[{"href":"https:\/\/isfdituzaingo-crr.infd.edu.ar\/sitio\/wp-json\/wp\/v2\/types\/page"}],"author":[{"embeddable":true,"href":"https:\/\/isfdituzaingo-crr.infd.edu.ar\/sitio\/wp-json\/wp\/v2\/users\/14"}],"replies":[{"embeddable":true,"href":"https:\/\/isfdituzaingo-crr.infd.edu.ar\/sitio\/wp-json\/wp\/v2\/comments?post=2355"}],"version-history":[{"count":15,"href":"https:\/\/isfdituzaingo-crr.infd.edu.ar\/sitio\/wp-json\/wp\/v2\/pages\/2355\/revisions"}],"predecessor-version":[{"id":3540,"href":"https:\/\/isfdituzaingo-crr.infd.edu.ar\/sitio\/wp-json\/wp\/v2\/pages\/2355\/revisions\/3540"}],"up":[{"embeddable":true,"href":"https:\/\/isfdituzaingo-crr.infd.edu.ar\/sitio\/wp-json\/wp\/v2\/pages\/768"}],"wp:attachment":[{"href":"https:\/\/isfdituzaingo-crr.infd.edu.ar\/sitio\/wp-json\/wp\/v2\/media?parent=2355"}],"curies":[{"name":"wp","href":"https:\/\/api.w.org\/{rel}","templated":true}]}}