{"id":2333,"date":"2021-02-27T14:10:49","date_gmt":"2021-02-27T17:10:49","guid":{"rendered":"https:\/\/isfdituzaingo-crr.infd.edu.ar\/sitio\/?page_id=2333"},"modified":"2023-04-29T11:32:06","modified_gmt":"2023-04-29T14:32:06","slug":"estudiantes-avanzados","status":"publish","type":"page","link":"https:\/\/isfdituzaingo-crr.infd.edu.ar\/sitio\/estudiantes\/estudiantes-avanzados\/","title":{"rendered":"Estudiantes"},"content":{"rendered":"<h4>\u00a0<\/h4>\n<h4><strong><span style=\"color: #0000ff;\">MATRICULACI\u00d3N ANUAL e INSCRIPCI\u00d3N al Ciclo lectivo <br \/><\/span><\/strong><\/h4>\n<p><strong>En<\/strong><span style=\"color: #ff0000;\"><strong> marzo<\/strong><\/span>\u00a0 se llevar\u00e1 a cabo la <strong>Matriculaci\u00f3n anual<\/strong> y la <strong>inscripci\u00f3n<\/strong> a unidades curriculares <span style=\"color: #0000ff;\"><strong>anuales<\/strong><\/span> y del <span style=\"color: #0000ff;\"><strong>1er cuatrimestre<\/strong> <\/span>para todos los estudiantes que cursen 2do, 3ro y 4to a\u00f1o de una carrera.<\/p>\n<p>Para cursar unidades curriculares del 2do cuatrimestre, la inscripci\u00f3n ser\u00e1 en <span style=\"color: #ff0000;\"><strong>agosto<\/strong><\/span>.<\/p>\n<p>La inscripci\u00f3n se realiza a trav\u00e9s de SIMA Educativa. El siguiente INSTRUCTIVO explica los pasos a realizar:<\/p>\n<p><a href=\"https:\/\/isfdituzaingo-crr.infd.edu.ar\/sitio\/wp-content\/uploads\/2021\/03\/instructivo-matriculacion.pdf\" target=\"_blank\" rel=\"noopener\"><img decoding=\"async\" loading=\"lazy\" class=\"alignnone wp-image-2385\" src=\"https:\/\/isfdituzaingo-crr.infd.edu.ar\/sitio\/wp-content\/uploads\/2021\/03\/formularios-wordpress-1024x512-1000x500.png\" alt=\"\" width=\"138\" height=\"69\" srcset=\"https:\/\/isfdituzaingo-crr.infd.edu.ar\/sitio\/wp-content\/uploads\/2021\/03\/formularios-wordpress-1024x512-1000x500.png 1000w, https:\/\/isfdituzaingo-crr.infd.edu.ar\/sitio\/wp-content\/uploads\/2021\/03\/formularios-wordpress-1024x512-768x384.png 768w, https:\/\/isfdituzaingo-crr.infd.edu.ar\/sitio\/wp-content\/uploads\/2021\/03\/formularios-wordpress-1024x512.png 1024w\" sizes=\"(max-width: 138px) 100vw, 138px\" \/> <\/a><a href=\"https:\/\/isfdituzaingo-crr.infd.edu.ar\/sitio\/wp-content\/uploads\/2021\/03\/instructivo-matriculacion.pdf\">Instructivo para matriculaci\u00f3n e inscripci\u00f3n<\/a><\/p>\n<p>\u00a0<\/p>\n<p>Para completar la matriculaci\u00f3n, presentar en la instituci\u00f3n de manera impresa los siguientes\u00a0 requisitos\u00a0:<\/p>\n<table style=\"height: 272px;\" width=\"430\">\n<tbody>\n<tr>\n<td width=\"400\">\u00a7\u00a0\u00a0 1 Folio oficio<\/td>\n<\/tr>\n<tr>\n<td width=\"400\">\u00a7\u00a0\u00a0 Ficha de Inscripci\u00f3n completa<\/td>\n<\/tr>\n<tr>\n<td width=\"400\">\u00a7\u00a0Original. Certificado de buena salud (Salud p\u00fablica).\u00a0 Se renueva todos los a\u00f1os<\/td>\n<\/tr>\n<tr>\n<td width=\"400\">\u00a7\u00a0Aporte de cooperadora (RM N\u00ba 431\/09)<\/td>\n<\/tr>\n<tr>\n<td width=\"400\">\u00a0<\/td>\n<\/tr>\n<\/tbody>\n<\/table>\n<p>Para mayor informaci\u00f3n, consultas o dudas, comunicarse con la preceptora o escribir al correo: <strong>bedeliaisfdituzaingo@gmail.com<\/strong><\/p>\n\n\n<p><span id=\"transmark\" style=\"display: none; width: 0px; height: 0px;\"><\/span><\/p>\n","protected":false},"excerpt":{"rendered":"<p>\u00a0 MATRICULACI\u00d3N ANUAL e INSCRIPCI\u00d3N al Ciclo lectivo En marzo\u00a0 se llevar\u00e1 a cabo la Matriculaci\u00f3n anual y la inscripci\u00f3n a unidades curriculares anuales y del 1er cuatrimestre para todos los estudiantes que cursen 2do, 3ro y 4to a\u00f1o de una carrera. Para cursar unidades curriculares del 2do cuatrimestre, la inscripci\u00f3n ser\u00e1 en agosto. La &#8230; <a title=\"Estudiantes\" class=\"read-more\" href=\"https:\/\/isfdituzaingo-crr.infd.edu.ar\/sitio\/estudiantes\/estudiantes-avanzados\/\" aria-label=\"More on Estudiantes\">[+]<\/a><\/p>\n","protected":false},"author":14,"featured_media":0,"parent":692,"menu_order":0,"comment_status":"closed","ping_status":"closed","template":"","meta":[],"acf":[],"_links":{"self":[{"href":"https:\/\/isfdituzaingo-crr.infd.edu.ar\/sitio\/wp-json\/wp\/v2\/pages\/2333"}],"collection":[{"href":"https:\/\/isfdituzaingo-crr.infd.edu.ar\/sitio\/wp-json\/wp\/v2\/pages"}],"about":[{"href":"https:\/\/isfdituzaingo-crr.infd.edu.ar\/sitio\/wp-json\/wp\/v2\/types\/page"}],"author":[{"embeddable":true,"href":"https:\/\/isfdituzaingo-crr.infd.edu.ar\/sitio\/wp-json\/wp\/v2\/users\/14"}],"replies":[{"embeddable":true,"href":"https:\/\/isfdituzaingo-crr.infd.edu.ar\/sitio\/wp-json\/wp\/v2\/comments?post=2333"}],"version-history":[{"count":31,"href":"https:\/\/isfdituzaingo-crr.infd.edu.ar\/sitio\/wp-json\/wp\/v2\/pages\/2333\/revisions"}],"predecessor-version":[{"id":3418,"href":"https:\/\/isfdituzaingo-crr.infd.edu.ar\/sitio\/wp-json\/wp\/v2\/pages\/2333\/revisions\/3418"}],"up":[{"embeddable":true,"href":"https:\/\/isfdituzaingo-crr.infd.edu.ar\/sitio\/wp-json\/wp\/v2\/pages\/692"}],"wp:attachment":[{"href":"https:\/\/isfdituzaingo-crr.infd.edu.ar\/sitio\/wp-json\/wp\/v2\/media?parent=2333"}],"curies":[{"name":"wp","href":"https:\/\/api.w.org\/{rel}","templated":true}]}}