{"id":2325,"date":"2021-02-27T12:57:38","date_gmt":"2021-02-27T15:57:38","guid":{"rendered":"https:\/\/isfdituzaingo-crr.infd.edu.ar\/sitio\/?page_id=2325"},"modified":"2023-04-29T11:44:03","modified_gmt":"2023-04-29T14:44:03","slug":"calendario-escolar-2021","status":"publish","type":"page","link":"https:\/\/isfdituzaingo-crr.infd.edu.ar\/sitio\/estudiantes\/calendario-escolar-2021\/","title":{"rendered":"Calendario Escolar 2023"},"content":{"rendered":"<h4><strong>Resumen de la <\/strong><strong>Resoluci\u00f3n Ministerial 5938\/22<\/strong><\/h4>\n<table width=\"862\">\n<tbody>\n<tr>\n<td width=\"181\"><b>FECHA<\/b><\/td>\n<td width=\"680\"><b>ACTIVIDAD<\/b><\/td>\n<\/tr>\n<tr>\n<td width=\"181\"><b>22 de febrero al 04 de marzo<br \/>\n<\/b><\/td>\n<td width=\"680\">MESAS DE EX\u00c1MENES de FEBRERO<\/td>\n<\/tr>\n<tr>\n<td width=\"181\"><b>15 de febrero al 17 de marzo<\/b><\/td>\n<td width=\"680\"><span style=\"color: #008000;\"><strong>CURSO INTRODUCTORIO para 1er a\u00f1o<\/strong><\/span><\/td>\n<\/tr>\n<tr>\n<td width=\"181\"><b>06 al 16 de marzo<\/b><\/td>\n<td width=\"680\">MESAS DE EX\u00c1MENES de MARZO<\/td>\n<\/tr>\n<tr>\n<td width=\"181\"><\/td>\n<td width=\"680\"><\/td>\n<\/tr>\n<tr>\n<td width=\"181\"><b>17 al 20 de marzo<\/b><\/td>\n<td width=\"680\">MATRICULACI\u00d3N e INSCRIPCI\u00d3N ANUAL para 2do, 3ro y 4to a\u00f1o de todas las carreras.Inscripci\u00f3n a la Unidades Curriculares del 1er. Cuatrimestre.<\/td>\n<\/tr>\n<tr>\n<td width=\"181\"><b>20<\/b> <b>de<\/b><b> marzo<\/b><\/td>\n<td width=\"680\"><strong>INICIO DEL PRIMER CUATRIMESTRE<\/strong><\/td>\n<\/tr>\n<tr>\n<td width=\"181\"><\/td>\n<td width=\"680\"><\/td>\n<\/tr>\n<tr>\n<td width=\"181\"><\/td>\n<td width=\"680\"><\/td>\n<\/tr>\n<tr>\n<td width=\"181\"><\/td>\n<\/tr>\n<tr>\n<td width=\"181\"><b>08 de<\/b><b> julio<\/b><\/td>\n<td width=\"680\"><strong>CIERRE DEL 1ER CUATRIMESTRE<\/strong><\/td>\n<\/tr>\n<tr>\n<td width=\"181\"><span style=\"color: #0000ff;\"><b>10 al<\/b><\/span><b><span style=\"color: #0000ff;\">\u00a0 21 de julio<\/span><\/b><\/td>\n<td width=\"680\"><strong><span style=\"color: #0000ff;\">RECESO INVERNAL<\/span><\/strong><\/td>\n<\/tr>\n<tr>\n<td width=\"212\"><b>03 al<\/b><b> 05 de agosto<br \/>\n<\/b><\/td>\n<td width=\"650\">Inscripci\u00f3n para cursar unidades curriculares de 2do cuatrimestre<\/td>\n<\/tr>\n<tr>\n<td width=\"212\"><b>25 julio al 05 de agosto<\/b><\/td>\n<td width=\"650\">MESAS DE EX\u00c1MENES<\/td>\n<\/tr>\n<tr>\n<td width=\"212\"><b>07 de<\/b><b> agosto<\/b><\/td>\n<td width=\"650\"><strong>INICIO DEL SEGUNDO CUATRIMESTRE<\/strong><\/td>\n<\/tr>\n<tr>\n<td width=\"212\"><\/td>\n<td width=\"650\"><\/td>\n<\/tr>\n<tr>\n<td width=\"212\"><b>28 de noviembre<\/b><\/td>\n<td width=\"650\"><strong>CIERRE DEL 2do CUATRIMESTRE<\/strong><\/td>\n<\/tr>\n<tr>\n<td width=\"212\"><\/td>\n<td width=\"650\"><\/td>\n<\/tr>\n<tr>\n<td width=\"212\"><b>01<\/b><b>\u00a0 al 12 de diciembre<\/b><\/td>\n<td width=\"650\">MESAS DE EX\u00c1MENES de DICIEMBRE- 1er llamado<\/td>\n<\/tr>\n<tr>\n<td width=\"212\"><b>13 al 22<\/b><b> de diciembre<\/b><\/td>\n<td width=\"650\">MESAS DE EX\u00c1MENES de DICIEMBRE- 2do llamado<\/td>\n<\/tr>\n<tr>\n<td width=\"212\"><b>22<\/b><b> de diciembre<\/b><\/td>\n<td width=\"650\">CIERRE DEL CICLO LECTIVO<\/td>\n<\/tr>\n<\/tbody>\n<\/table>\n","protected":false},"excerpt":{"rendered":"<p>Resumen de la Resoluci\u00f3n Ministerial 5938\/22 FECHA ACTIVIDAD 22 de febrero al 04 de marzo MESAS DE EX\u00c1MENES de FEBRERO 15 de febrero al 17 de marzo CURSO INTRODUCTORIO para 1er a\u00f1o 06 al 16 de marzo MESAS DE EX\u00c1MENES de MARZO 17 al 20 de marzo MATRICULACI\u00d3N e INSCRIPCI\u00d3N ANUAL para 2do, 3ro y &#8230; <a title=\"Calendario Escolar 2023\" class=\"read-more\" href=\"https:\/\/isfdituzaingo-crr.infd.edu.ar\/sitio\/estudiantes\/calendario-escolar-2021\/\" aria-label=\"More on Calendario Escolar 2023\">[+]<\/a><\/p>\n","protected":false},"author":14,"featured_media":0,"parent":692,"menu_order":0,"comment_status":"closed","ping_status":"closed","template":"","meta":[],"acf":[],"_links":{"self":[{"href":"https:\/\/isfdituzaingo-crr.infd.edu.ar\/sitio\/wp-json\/wp\/v2\/pages\/2325"}],"collection":[{"href":"https:\/\/isfdituzaingo-crr.infd.edu.ar\/sitio\/wp-json\/wp\/v2\/pages"}],"about":[{"href":"https:\/\/isfdituzaingo-crr.infd.edu.ar\/sitio\/wp-json\/wp\/v2\/types\/page"}],"author":[{"embeddable":true,"href":"https:\/\/isfdituzaingo-crr.infd.edu.ar\/sitio\/wp-json\/wp\/v2\/users\/14"}],"replies":[{"embeddable":true,"href":"https:\/\/isfdituzaingo-crr.infd.edu.ar\/sitio\/wp-json\/wp\/v2\/comments?post=2325"}],"version-history":[{"count":13,"href":"https:\/\/isfdituzaingo-crr.infd.edu.ar\/sitio\/wp-json\/wp\/v2\/pages\/2325\/revisions"}],"predecessor-version":[{"id":3425,"href":"https:\/\/isfdituzaingo-crr.infd.edu.ar\/sitio\/wp-json\/wp\/v2\/pages\/2325\/revisions\/3425"}],"up":[{"embeddable":true,"href":"https:\/\/isfdituzaingo-crr.infd.edu.ar\/sitio\/wp-json\/wp\/v2\/pages\/692"}],"wp:attachment":[{"href":"https:\/\/isfdituzaingo-crr.infd.edu.ar\/sitio\/wp-json\/wp\/v2\/media?parent=2325"}],"curies":[{"name":"wp","href":"https:\/\/api.w.org\/{rel}","templated":true}]}}