{"id":2293,"date":"2021-02-22T12:49:12","date_gmt":"2021-02-22T15:49:12","guid":{"rendered":"https:\/\/isfdituzaingo-crr.infd.edu.ar\/sitio\/?page_id=2293"},"modified":"2022-02-07T00:17:02","modified_gmt":"2022-02-07T03:17:02","slug":"guia-tramites","status":"publish","type":"page","link":"https:\/\/isfdituzaingo-crr.infd.edu.ar\/sitio\/estudiantes\/guia-tramites\/","title":{"rendered":"Gu\u00eda de tr\u00e1mites para estudiantes"},"content":{"rendered":"<h4><span style=\"color: #0000ff;\"><strong>Informaci\u00f3n para todo estudiante<\/strong><\/span><\/h4>\n<h5><strong>Para cualquier tr\u00e1mite<\/strong><\/h5>\n<p>Durante todo el a\u00f1o:<\/p>\n<ul>\n<li>Presentar 2 (dos) ejemplares.<\/li>\n<\/ul>\n<p>El modelo de nota lo pueden descargar aqu\u00ed:<\/p>\n<p><a href=\"https:\/\/isfdituzaingo-crr.infd.edu.ar\/sitio\/wp-content\/uploads\/2021\/03\/MODELO-DE-NOTA.doc\">MODELO DE NOTA<\/a><\/p>\n<h5>Solicitar constancia de Estudiante Regular<\/h5>\n<p>Bajar el modelo de constancia que aqui se presenta, imprimir, rellenar y presentar en Mesa de Entrada para la firma.<\/p>\n<p><a href=\"https:\/\/isfdituzaingo-crr.infd.edu.ar\/sitio\/wp-content\/uploads\/2021\/04\/constancia-de-Estudiante-regular.pdf\">constancia de Estudiante regular<\/a><\/p>\n<p><strong>A tener en cuenta:<\/strong><\/p>\n<p>Seg\u00fan el RM 1455\/14, Anexo I Reglamento Organico Marco, expresa:<\/p>\n<p>Art.5: Se considera estudiante \u00abmatriculado\u00bb aquel que ha cumplido con los tr\u00e1mites de inscripci\u00f3n a la carrera y haya presentado la documentaci\u00f3n requerida.<\/p>\n<p>Art.6: Se considera estudiante \u00abcondicional\u00bb quien se inscribe en una carrera de nivel superior sin tener totalmente aprobado el nivel secundario seg\u00fan corresponda, su matricula ser\u00e1 suspendida el 31 de mayo del a\u00f1o en que inicia la carrera. El estudiante comprendido en esta situaci\u00f3n no podr\u00e1 rendir ex\u00e1menes parciales, hasta tanto se incorpore como regular lo que deber\u00e1 sera notificado al alumno por la instituci\u00f3n.<\/p>\n<p>Art. 13. Es considerado estudiante regular en la carrera quien se matricula, cursa y\/o rinde las unidades curriculares mientras transita el primer a\u00f1o de la carrera, con sujeci\u00f3n a las disposiciones reglamentarias relativas a inscripci\u00f3n, asistencia, evaluaci\u00f3n y disciplina emergentes de esta norma, y del R\u00e9gimen Acad\u00e9mico del Instituto.<\/p>\n<p>Art. 14. Es condici\u00f3n para la permanencia como estudiante regular de la carrera, luego de haber transitado el primer a\u00f1o, acreditar al menos 1(una) unidades curriculares por a\u00f1o calendario.<\/p>\n<p>Art. 15. El estudiante queda en condici\u00f3n libre en la carrera, cuando no apruebe al menos una unidad curricular por a\u00f1o calendario, salvo las carreras a t\u00e9rmino.<\/p>\n<p>Para ser readmitido deber\u00e1 presentar nueva solicitud de inscripci\u00f3n asimilarse al plan de estudio en vigencia y solicitar el reconocimiento por equivalencia de aquellas unidades curriculares del Plan de Estudio que haya aprobado.<\/p>\n<h5><strong>Reconocimiento de Unidades Curriculares<\/strong><\/h5>\n<ul>\n<li>Para\u00a0<span style=\"color: #0000ff;\">unidades curriculares que se cursan en el 1er y\/o 2do cuatrimestre<\/span>, las notas se presentan de <strong>1 al 30 de abril<\/strong> de todos los a\u00f1os, sin Excepci\u00f2n.<\/li>\n<\/ul>\n<p>La documentaci\u00f3n a presentar es la siguiente:<\/p>\n<ol>\n<li>Nota de reconocimiento de UC (2 ejemplares). Bajar aqu\u00ed\u00a0<a href=\"https:\/\/isfdituzaingo-crr.infd.edu.ar\/sitio\/wp-content\/uploads\/2021\/04\/modelo-de-notas-reconoc-UC.doc\">modelo de notas &#8211; reconocimiento UC<\/a><\/li>\n<li>Certificado anal\u00edtico de unidades curriculares aprobadas -no excluyente y sin excepci\u00f3n-.<\/li>\n<li>Programas de las unidades curriculares cursadas.<\/li>\n<\/ol>\n<p>Toda informaci\u00f3n debe estar foliado y debidamente firmado por la instituci\u00f3n en la que ha cursado la unidad curricular.<\/p>\n<p>Presentar la documentaci\u00f3n por mesa de entrada en la Sede de ISFD de Ituzaing\u00f3 de 16 a 20 hs.<\/p>\n<p>Deben tener en cuenta:<\/p>\n<p><img decoding=\"async\" loading=\"lazy\" class=\"alignnone  wp-image-2565\" src=\"https:\/\/isfdituzaingo-crr.infd.edu.ar\/sitio\/wp-content\/uploads\/2021\/05\/RAM-art35.jpg\" alt=\"\" width=\"688\" height=\"297\" \/><span id=\"transmark\" style=\"display: none; width: 0px; height: 0px;\"><\/span><\/p>\n<p>Para mayor informaci\u00f3n sobre las consideraciones a tener en cuenta en el reconocimiento de unidades curriculares, leer el apartado correspondiente en el RAM (RM 1455\/14 y ampliatoria).<\/p>\n","protected":false},"excerpt":{"rendered":"<p>Informaci\u00f3n para todo estudiante Para cualquier tr\u00e1mite Durante todo el a\u00f1o: Presentar 2 (dos) ejemplares. El modelo de nota lo pueden descargar aqu\u00ed: MODELO DE NOTA Solicitar constancia de Estudiante Regular Bajar el modelo de constancia que aqui se presenta, imprimir, rellenar y presentar en Mesa de Entrada para la firma. constancia de Estudiante regular &#8230; <a title=\"Gu\u00eda de tr\u00e1mites para estudiantes\" class=\"read-more\" href=\"https:\/\/isfdituzaingo-crr.infd.edu.ar\/sitio\/estudiantes\/guia-tramites\/\" aria-label=\"More on Gu\u00eda de tr\u00e1mites para estudiantes\">[+]<\/a><\/p>\n","protected":false},"author":14,"featured_media":0,"parent":692,"menu_order":0,"comment_status":"closed","ping_status":"closed","template":"","meta":[],"acf":[],"_links":{"self":[{"href":"https:\/\/isfdituzaingo-crr.infd.edu.ar\/sitio\/wp-json\/wp\/v2\/pages\/2293"}],"collection":[{"href":"https:\/\/isfdituzaingo-crr.infd.edu.ar\/sitio\/wp-json\/wp\/v2\/pages"}],"about":[{"href":"https:\/\/isfdituzaingo-crr.infd.edu.ar\/sitio\/wp-json\/wp\/v2\/types\/page"}],"author":[{"embeddable":true,"href":"https:\/\/isfdituzaingo-crr.infd.edu.ar\/sitio\/wp-json\/wp\/v2\/users\/14"}],"replies":[{"embeddable":true,"href":"https:\/\/isfdituzaingo-crr.infd.edu.ar\/sitio\/wp-json\/wp\/v2\/comments?post=2293"}],"version-history":[{"count":32,"href":"https:\/\/isfdituzaingo-crr.infd.edu.ar\/sitio\/wp-json\/wp\/v2\/pages\/2293\/revisions"}],"predecessor-version":[{"id":3049,"href":"https:\/\/isfdituzaingo-crr.infd.edu.ar\/sitio\/wp-json\/wp\/v2\/pages\/2293\/revisions\/3049"}],"up":[{"embeddable":true,"href":"https:\/\/isfdituzaingo-crr.infd.edu.ar\/sitio\/wp-json\/wp\/v2\/pages\/692"}],"wp:attachment":[{"href":"https:\/\/isfdituzaingo-crr.infd.edu.ar\/sitio\/wp-json\/wp\/v2\/media?parent=2293"}],"curies":[{"name":"wp","href":"https:\/\/api.w.org\/{rel}","templated":true}]}}